{"id":30256,"date":"2026-02-17T09:29:12","date_gmt":"2026-02-17T08:29:12","guid":{"rendered":"https:\/\/abacicles.com\/?post_type=product&#038;p=30256"},"modified":"2026-02-17T10:15:06","modified_gmt":"2026-02-17T09:15:06","slug":"gravel-race-stevens-camino-rs-pro-ax","status":"publish","type":"product","link":"https:\/\/abacicles.com\/es\/producto\/gravel-race-stevens-camino-rs-pro-ax\/","title":{"rendered":"Gravel Race Stevens Camino RS Pro AX"},"content":{"rendered":"<p>La <strong data-start=\"271\" data-end=\"300\">STEVENS Camino RS Pro AXS<\/strong> \u00e9s una bicicleta <strong data-start=\"318\" data-end=\"333\">Gravel Race<\/strong> de gamma alta pensada per a ciclistes que busquen velocitat, precisi\u00f3 i m\u00e0xim rendiment tant en competici\u00f3 com en rutes exigents. El seu disseny orientat al rendiment, combinat amb materials d\u2019alta qualitat i tecnologia avan\u00e7ada, ofereix una conducci\u00f3 \u00e0gil, eficient i molt reactiva sobre qualsevol tipus de terreny.<\/p>\n<h2 data-start=\"159\" data-end=\"192\">Caracter\u00edstiques t\u00e8cniques<\/h2>\n<ul data-start=\"194\" data-end=\"826\">\n<li data-start=\"194\" data-end=\"245\">\n<p data-start=\"196\" data-end=\"245\"><strong data-start=\"196\" data-end=\"207\">Quadre:<\/strong> Carboni SL Gravel Race, dissenyat per a competici\u00f3, lleuger i r\u00edgid.<\/p>\n<\/li>\n<li data-start=\"246\" data-end=\"302\">\n<p data-start=\"248\" data-end=\"302\"><strong data-start=\"248\" data-end=\"262\">Forquilla:<\/strong> Carboni SL, optimitzada per absorci\u00f3 de vibracions i precisi\u00f3 de direcci\u00f3.<\/p>\n<\/li>\n<li data-start=\"303\" data-end=\"358\">\n<p data-start=\"305\" data-end=\"358\"><strong data-start=\"1011\" data-end=\"1020\">Grup:<\/strong> <span class=\"hover:entity-accent entity-underline inline cursor-pointer align-baseline\"><span class=\"whitespace-normal\">SRAM<\/span><\/span> Force AXS electr\u00f2nic, transmissi\u00f3 1&#215;13 velocitats.<\/p>\n<\/li>\n<li data-start=\"303\" data-end=\"358\">\n<p data-start=\"305\" data-end=\"358\"><strong data-start=\"1112\" data-end=\"1122\">Rodes:<\/strong> Carboni <span class=\"hover:entity-accent entity-underline inline cursor-pointer align-baseline\"><span class=\"whitespace-normal\">DT Swiss<\/span><\/span> GRC 1400 Gravel.<\/p>\n<\/li>\n<li data-start=\"303\" data-end=\"358\">\n<p data-start=\"305\" data-end=\"358\"><strong data-start=\"1188\" data-end=\"1196\">Pes:<\/strong> Aproximadament 7,9 kg.<\/p>\n<\/li>\n<li data-start=\"303\" data-end=\"358\">\n<p data-start=\"305\" data-end=\"358\"><strong data-start=\"1222\" data-end=\"1232\">Model:<\/strong> <span class=\"hover:entity-accent entity-underline inline cursor-pointer align-baseline\"><span class=\"whitespace-normal\">Stevens Bikes<\/span><\/span> Camino RS Pro AXS.<\/p>\n<\/li>\n<li data-start=\"303\" data-end=\"358\">\n<p data-start=\"305\" data-end=\"358\"><strong data-start=\"1292\" data-end=\"1308\">Any \/ Gamma:<\/strong> Novetat 2026 \u2013 Gravel Race.<\/p>\n<\/li>\n<\/ul>\n<hr data-start=\"828\" data-end=\"831\" \/>\n<h2 data-start=\"833\" data-end=\"866\">Caracter\u00edstiques destacades<\/h2>\n<ul data-start=\"868\" data-end=\"1193\">\n<li data-start=\"868\" data-end=\"940\">\n<p data-start=\"870\" data-end=\"940\"><strong>Quadre de carboni alt\u2011rendiment:<\/strong> Quadre i forquilla de Carbon SL Fiber, lleuger i resistent, ideal per a curses gravel. Pes total aproximat: 7,9\u202fkg.<\/p>\n<\/li>\n<li data-start=\"941\" data-end=\"1010\">\n<p data-start=\"943\" data-end=\"1010\"><strong data-start=\"943\" data-end=\"970\">Components de gamma alta:<\/strong> Grup SRAM Force AXS 1\u00d713 electr\u00f2nic i frens de disc hidr\u00e0ulics. Rodes de carboni Zipp 303 XPLR S per a m\u00e0xima rigidesa i resposta.<\/p>\n<\/li>\n<li data-start=\"1011\" data-end=\"1090\">\n<p data-start=\"1013\" data-end=\"1090\"><strong data-start=\"1013\" data-end=\"1050\">Geometria orientada a rendiment:<\/strong> Dissenyada per a acceleracions r\u00e0pides i estabilitat en terrenys mixtos.<\/p>\n<\/li>\n<li data-start=\"1091\" data-end=\"1193\">\n<p data-start=\"1093\" data-end=\"1193\"><strong data-start=\"652\" data-end=\"680\">Disseny net i modern: <\/strong>Est\u00e8tica esportiva i minimalista amb l\u00ednies netes i acabats acurats.<\/p>\n<\/li>\n<\/ul>\n","protected":false},"excerpt":{"rendered":"<p>La <strong data-start=\"271\" data-end=\"300\">STEVENS Camino RS Pro AXS<\/strong> \u00e9s una bicicleta <strong data-start=\"318\" data-end=\"333\">Gravel Race<\/strong> de gamma alta pensada per a ciclistes que busquen velocitat, precisi\u00f3 i m\u00e0xim rendiment tant en competici\u00f3 com en rutes exigents.<\/p>\n","protected":false},"featured_media":30261,"comment_status":"open","ping_status":"closed","template":"","meta":{"_price":"3999","_stock":"","_tribe_ticket_header":"","_tribe_default_ticket_provider":"","_tribe_ticket_capacity":"","_ticket_start_date":"","_ticket_end_date":"","_tribe_ticket_show_description":"","_tribe_ticket_show_not_going":false,"_tribe_ticket_use_global_stock":"","_tribe_ticket_global_stock_level":"","_global_stock_mode":"","_global_stock_cap":"","_tribe_rsvp_for_event":"","_tribe_ticket_going_count":"","_tribe_ticket_not_going_count":"","_tribe_tickets_list":"[]","_tribe_ticket_has_attendee_info_fields":false},"product_brand":[111],"product_cat":[59,48,124],"product_tag":[156,157],"class_list":{"0":"post-30256","1":"product","2":"type-product","3":"status-publish","4":"has-post-thumbnail","6":"product_brand-stevens","7":"product_cat-carretera","8":"product_cat-gravel","9":"product_cat-oportunitats","10":"product_tag-carretera","11":"product_tag-gravel","12":"product_shipping_class-bulky","14":"first","15":"instock","16":"taxable","17":"shipping-taxable","18":"purchasable","19":"product-type-simple"},"_links":{"self":[{"href":"https:\/\/abacicles.com\/es\/wp-json\/wp\/v2\/product\/30256","targetHints":{"allow":["GET"]}}],"collection":[{"href":"https:\/\/abacicles.com\/es\/wp-json\/wp\/v2\/product"}],"about":[{"href":"https:\/\/abacicles.com\/es\/wp-json\/wp\/v2\/types\/product"}],"replies":[{"embeddable":true,"href":"https:\/\/abacicles.com\/es\/wp-json\/wp\/v2\/comments?post=30256"}],"version-history":[{"count":2,"href":"https:\/\/abacicles.com\/es\/wp-json\/wp\/v2\/product\/30256\/revisions"}],"predecessor-version":[{"id":30260,"href":"https:\/\/abacicles.com\/es\/wp-json\/wp\/v2\/product\/30256\/revisions\/30260"}],"wp:featuredmedia":[{"embeddable":true,"href":"https:\/\/abacicles.com\/es\/wp-json\/wp\/v2\/media\/30261"}],"wp:attachment":[{"href":"https:\/\/abacicles.com\/es\/wp-json\/wp\/v2\/media?parent=30256"}],"wp:term":[{"taxonomy":"product_brand","embeddable":true,"href":"https:\/\/abacicles.com\/es\/wp-json\/wp\/v2\/product_brand?post=30256"},{"taxonomy":"product_cat","embeddable":true,"href":"https:\/\/abacicles.com\/es\/wp-json\/wp\/v2\/product_cat?post=30256"},{"taxonomy":"product_tag","embeddable":true,"href":"https:\/\/abacicles.com\/es\/wp-json\/wp\/v2\/product_tag?post=30256"}],"curies":[{"name":"wp","href":"https:\/\/api.w.org\/{rel}","templated":true}]}}