{"id":517,"date":"2019-09-24T13:55:04","date_gmt":"2019-09-24T13:55:04","guid":{"rendered":"https:\/\/abacicles.com\/?post_type=product&#038;p=517"},"modified":"2025-06-16T14:04:45","modified_gmt":"2025-06-16T12:04:45","slug":"bh-ilynx-trail","status":"publish","type":"product","link":"https:\/\/abacicles.com\/es\/producto\/bh-ilynx-trail\/","title":{"rendered":"BH iLYNX Trail Light"},"content":{"rendered":"<p data-start=\"267\" data-end=\"417\"><span class=\"relative -mx-px my-[-0.2rem] rounded px-px py-[0.2rem] transition-colors duration-100 ease-in-out\">La BH iLynx Trail Light \u00e9s una e-MTB de doble suspensi\u00f3 amb 150 mm de recorregut, dissenyada per a rutes de trail i all-mountain.<\/span> <span class=\"relative -mx-px my-[-0.2rem] rounded px-px py-[0.2rem] transition-colors duration-100 ease-in-out\">Amb un pes de nom\u00e9s 16 kg en la seva versi\u00f3 superior, \u00e9s una de les bicicletes el\u00e8ctriques de muntanya m\u00e9s lleugeres del mercat.<\/span><\/p>\n<h3 data-start=\"424\" data-end=\"460\"><strong data-start=\"431\" data-end=\"460\">Especificacions t\u00e8cniques<\/strong><\/h3>\n<ul data-start=\"462\" data-end=\"1160\">\n<li data-start=\"462\" data-end=\"553\">\n<p data-start=\"464\" data-end=\"553\"><strong data-start=\"464\" data-end=\"475\">Quadre:<\/strong> <span class=\"relative -mx-px my-[-0.2rem] rounded px-px py-[0.2rem] transition-colors duration-100 ease-in-out\">Carboni Ballistic de 1.975 g amb cablejat intern i sistema de bloqueig de direcci\u00f3 BlockLock by Acros.<\/span><\/p>\n<\/li>\n<li data-start=\"554\" data-end=\"620\">\n<p data-start=\"556\" data-end=\"620\"><strong data-start=\"556\" data-end=\"580\">Suspensi\u00f3 davantera:<\/strong> <span class=\"relative -mx-px my-[-0.2rem] rounded px-px py-[0.2rem] transition-colors duration-100 ease-in-out\">Fox 36 amb 150 mm de recorregut.<\/span><\/p>\n<\/li>\n<li data-start=\"621\" data-end=\"687\">\n<p data-start=\"623\" data-end=\"687\"><strong data-start=\"623\" data-end=\"647\">Suspensi\u00f3 posterior:<\/strong> <span class=\"relative -mx-px my-[-0.2rem] rounded px-px py-[0.2rem] transition-colors duration-100 ease-in-out\">Fox Float X amb 150 mm de recorregut.<\/span><\/p>\n<\/li>\n<li data-start=\"688\" data-end=\"780\">\n<p data-start=\"690\" data-end=\"780\"><strong data-start=\"690\" data-end=\"700\">Motor:<\/strong> <span class=\"relative -mx-px my-[-0.2rem] rounded px-px py-[0.2rem] transition-colors duration-100 ease-in-out\">BH 2EXMAG amb 65 Nm de parell i pes de 2,1 kg.<\/span><\/p>\n<\/li>\n<li data-start=\"781\" data-end=\"875\">\n<p data-start=\"783\" data-end=\"875\"><strong data-start=\"783\" data-end=\"795\">Bateria:<\/strong> <span class=\"relative -mx-px my-[-0.2rem] rounded px-px py-[0.2rem] transition-colors duration-100 ease-in-out\">Integrada de 630 Wh amb opci\u00f3 d&#8217;extensor de rang de 180 Wh.<\/span><\/p>\n<\/li>\n<li data-start=\"876\" data-end=\"931\">\n<p data-start=\"878\" data-end=\"931\"><strong data-start=\"878\" data-end=\"891\">Pantalla:<\/strong> <span class=\"relative -mx-px my-[-0.2rem] rounded px-px py-[0.2rem] transition-colors duration-100 ease-in-out\">iRemote amb 3 botons i retroil\u00b7luminaci\u00f3 LED per a una visualitzaci\u00f3 clara del nivell de bateria i mode seleccionat.<\/span><\/p>\n<\/li>\n<li data-start=\"932\" data-end=\"1028\">\n<p data-start=\"934\" data-end=\"1028\"><strong data-start=\"934\" data-end=\"948\">Geometria:<\/strong> <span class=\"relative -mx-px my-[-0.2rem] rounded px-px py-[0.2rem] transition-colors duration-100 ease-in-out\">\u00c0ngul de direcci\u00f3 de 66\u00b0, reach de 453 mm (talla M) i vaines de 451 mm.<\/span><\/p>\n<\/li>\n<li data-start=\"1029\" data-end=\"1160\">\n<p data-start=\"1031\" data-end=\"1160\"><strong data-start=\"1031\" data-end=\"1041\">Eixos:<\/strong> <span class=\"relative -mx-px my-[-0.2rem] rounded px-px py-[0.2rem] transition-colors duration-100 ease-in-out\">Super Boost amb ample de 157 mm per a una major rigidesa i compatibilitat amb pneum\u00e0tics de fins a 2,6&#8243;.<\/span><\/p>\n<\/li>\n<\/ul>\n<h3 data-start=\"1167\" data-end=\"1197\"><strong data-start=\"1175\" data-end=\"1197\">Models disponibles<\/strong><\/h3>\n<p data-start=\"1199\" data-end=\"1317\"><span class=\"relative -mx-px my-[-0.2rem] rounded px-px py-[0.2rem] transition-colors duration-100 ease-in-out\">La BH iLynx Trail Light est\u00e0 disponible en diversos muntatges, amb components de qualitat com Shimano XT, SLX i XTR, aix\u00ed com frens Shimano XT M8120 i rodes Race Face Turbine 30 TR.<\/span><\/p>\n<hr data-start=\"1319\" data-end=\"1322\" \/>\n<h3 data-start=\"1324\" data-end=\"1349\"><strong data-start=\"1331\" data-end=\"1349\">Ideal per a&#8230;<\/strong><\/h3>\n<ul data-start=\"1351\" data-end=\"1631\">\n<li data-start=\"1351\" data-end=\"1427\">\n<p data-start=\"1353\" data-end=\"1427\"><strong data-start=\"1353\" data-end=\"1387\">Rutes de trail i all-mountain:<\/strong> <span class=\"relative -mx-px my-[-0.2rem] rounded px-px py-[0.2rem] transition-colors duration-100 ease-in-out\">La seva geometria equilibrada i suspensi\u00f3 de 150 mm la fan ideal per a rutes t\u00e8cniques i variades.<\/span><\/p>\n<\/li>\n<li data-start=\"1428\" data-end=\"1507\">\n<p data-start=\"1430\" data-end=\"1507\"><strong data-start=\"1430\" data-end=\"1467\">Ciclistes que busquen lleugeresa:<\/strong> <span class=\"relative -mx-px my-[-0.2rem] rounded px-px py-[0.2rem] transition-colors duration-100 ease-in-out\">Amb un pes de nom\u00e9s 16 kg, \u00e9s f\u00e0cil de manejar tant en pujada com en descens.<\/span><\/p>\n<\/li>\n<li data-start=\"1508\" data-end=\"1631\">\n<p data-start=\"1510\" data-end=\"1631\"><strong data-start=\"1510\" data-end=\"1552\">Aventurers amb necessitat d&#8217;autonomia:<\/strong> <span class=\"relative -mx-px my-[-0.2rem] rounded px-px py-[0.2rem] transition-colors duration-100 ease-in-out\">Amb una bateria de 630 Wh i opci\u00f3 d&#8217;extensor de rang, ofereix una autonomia suficient per a llargues jornades.<\/span><\/p>\n<\/li>\n<\/ul>\n","protected":false},"excerpt":{"rendered":"<p>Lorem ipsum dolor sit amet, consectetur adipisicing elit, sed do eiusmod tempor incididunt ut labore et dolore magna aliqua. Ut enim ad minim veniam, quis nostrud exercitation ullamco laboris nisi ut aliquip ex ea commodo consequat. Duis aute irure dolor in reprehenderit in voluptate velit esse cillum dolore eu fugiat nulla pariatur. Excepteur sint occaecat cupidatat non proident, sunt in culpa qui officia deserunt mollit anim id est laborum.<\/p>\n","protected":false},"featured_media":8231,"comment_status":"open","ping_status":"closed","template":"","meta":{"_price":"3249","_stock":null,"_tribe_ticket_header":"","_tribe_default_ticket_provider":"","_tribe_ticket_capacity":"","_ticket_start_date":"","_ticket_end_date":"","_tribe_ticket_show_description":"","_tribe_ticket_show_not_going":false,"_tribe_ticket_use_global_stock":"","_tribe_ticket_global_stock_level":"","_global_stock_mode":"","_global_stock_cap":"","_tribe_rsvp_for_event":"","_tribe_ticket_going_count":"","_tribe_ticket_not_going_count":"","_tribe_tickets_list":"[]","_tribe_ticket_has_attendee_info_fields":false},"product_brand":[107],"product_cat":[112,51,124],"product_tag":[99,97],"class_list":{"0":"post-517","1":"product","2":"type-product","3":"status-publish","4":"has-post-thumbnail","6":"product_brand-bh","7":"product_cat-e-bike","8":"product_cat-mountain-bike","9":"product_cat-oportunitats","10":"product_tag-aba-cicles","11":"product_tag-bh","12":"product_shipping_class-bulky","14":"first","15":"instock","16":"sale","17":"featured","18":"taxable","19":"shipping-taxable","20":"purchasable","21":"product-type-simple"},"_links":{"self":[{"href":"https:\/\/abacicles.com\/es\/wp-json\/wp\/v2\/product\/517","targetHints":{"allow":["GET"]}}],"collection":[{"href":"https:\/\/abacicles.com\/es\/wp-json\/wp\/v2\/product"}],"about":[{"href":"https:\/\/abacicles.com\/es\/wp-json\/wp\/v2\/types\/product"}],"replies":[{"embeddable":true,"href":"https:\/\/abacicles.com\/es\/wp-json\/wp\/v2\/comments?post=517"}],"version-history":[{"count":3,"href":"https:\/\/abacicles.com\/es\/wp-json\/wp\/v2\/product\/517\/revisions"}],"predecessor-version":[{"id":6346,"href":"https:\/\/abacicles.com\/es\/wp-json\/wp\/v2\/product\/517\/revisions\/6346"}],"wp:featuredmedia":[{"embeddable":true,"href":"https:\/\/abacicles.com\/es\/wp-json\/wp\/v2\/media\/8231"}],"wp:attachment":[{"href":"https:\/\/abacicles.com\/es\/wp-json\/wp\/v2\/media?parent=517"}],"wp:term":[{"taxonomy":"product_brand","embeddable":true,"href":"https:\/\/abacicles.com\/es\/wp-json\/wp\/v2\/product_brand?post=517"},{"taxonomy":"product_cat","embeddable":true,"href":"https:\/\/abacicles.com\/es\/wp-json\/wp\/v2\/product_cat?post=517"},{"taxonomy":"product_tag","embeddable":true,"href":"https:\/\/abacicles.com\/es\/wp-json\/wp\/v2\/product_tag?post=517"}],"curies":[{"name":"wp","href":"https:\/\/api.w.org\/{rel}","templated":true}]}}