{"id":520,"date":"2019-09-24T13:56:57","date_gmt":"2019-09-24T13:56:57","guid":{"rendered":"https:\/\/abacicles.com\/?post_type=product&#038;p=520"},"modified":"2026-01-23T13:11:19","modified_gmt":"2026-01-23T12:11:19","slug":"bh-ilynx-extender","status":"publish","type":"product","link":"https:\/\/abacicles.com\/es\/producto\/bh-ilynx-extender\/","title":{"rendered":"BH iLYNX + SL amb Extender motor Shimano EP801"},"content":{"rendered":"<p data-start=\"40\" data-end=\"191\"><span class=\"relative -mx-px my-[-0.2rem] rounded px-px py-[0.2rem] transition-colors duration-100 ease-in-out\">La <strong data-start=\"3\" data-end=\"19\">BH iLynx+ SL<\/strong> \u00e9s una e-MTB d&#8217;alta gamma dissenyada per a riders que busquen una bicicleta lleugera, potent i amb una autonomia excepcional.<\/span> <span class=\"relative -mx-px my-[-0.2rem] rounded px-px py-[0.2rem] transition-colors duration-100 ease-in-out\">Equipada amb el motor <strong data-start=\"22\" data-end=\"39\">Shimano EP801<\/strong>, ofereix fins a <strong data-start=\"56\" data-end=\"75\">85 Nm de parell<\/strong> i una <strong data-start=\"82\" data-end=\"110\">pot\u00e8ncia personalitzable<\/strong> mitjan\u00e7ant l&#8217;app <strong data-start=\"128\" data-end=\"146\">Shimano E-TUBE<\/strong>, permetent adaptar els modes d&#8217;assist\u00e8ncia segons les prefer\u00e8ncies i necessitats de cada ciclista<\/span>.<\/p>\n<h2 data-start=\"198\" data-end=\"231\">Caracter\u00edstiques t\u00e8cniques<\/h2>\n<ul data-start=\"233\" data-end=\"960\">\n<li data-start=\"233\" data-end=\"285\">\n<p data-start=\"235\" data-end=\"285\"><strong data-start=\"235\" data-end=\"245\">Motor:<\/strong> <span class=\"relative -mx-px my-[-0.2rem] rounded px-px py-[0.2rem] transition-colors duration-100 ease-in-out\">Shimano EP801 \u2013 85 Nm \/ 250 W<\/span><\/p>\n<\/li>\n<li data-start=\"286\" data-end=\"340\">\n<p data-start=\"288\" data-end=\"340\"><strong data-start=\"288\" data-end=\"300\">Bateria:<\/strong> <span class=\"relative -mx-px my-[-0.2rem] rounded px-px py-[0.2rem] transition-colors duration-100 ease-in-out\">810 Wh (630 Wh + 180 Wh amb el sistema Xpro)<\/span><\/p>\n<\/li>\n<li data-start=\"341\" data-end=\"394\">\n<p data-start=\"343\" data-end=\"394\"><strong data-start=\"343\" data-end=\"354\">Quadre:<\/strong> <span class=\"relative -mx-px my-[-0.2rem] rounded px-px py-[0.2rem] transition-colors duration-100 ease-in-out\">Carboni Ballistic amb tecnologia HCIM, pes de 2,1 kg<\/span><\/p>\n<\/li>\n<li data-start=\"395\" data-end=\"461\">\n<p data-start=\"397\" data-end=\"461\"><strong data-start=\"397\" data-end=\"421\">Suspensi\u00f3 davantera:<\/strong> <span class=\"relative -mx-px my-[-0.2rem] rounded px-px py-[0.2rem] transition-colors duration-100 ease-in-out\">FOX 38 FLOAT Performance, 160 mm<\/span><\/p>\n<\/li>\n<li data-start=\"462\" data-end=\"528\">\n<p data-start=\"464\" data-end=\"528\"><strong data-start=\"464\" data-end=\"488\">Suspensi\u00f3 posterior:<\/strong> <span class=\"relative -mx-px my-[-0.2rem] rounded px-px py-[0.2rem] transition-colors duration-100 ease-in-out\">FOX FLOAT X Performance<\/span><\/p>\n<\/li>\n<li data-start=\"529\" data-end=\"587\">\n<p data-start=\"531\" data-end=\"587\"><strong data-start=\"531\" data-end=\"547\">Transmissi\u00f3:<\/strong> <span class=\"relative -mx-px my-[-0.2rem] rounded px-px py-[0.2rem] transition-colors duration-100 ease-in-out\">Shimano XT 12 velocitats<\/span><\/p>\n<\/li>\n<li data-start=\"588\" data-end=\"641\">\n<p data-start=\"590\" data-end=\"641\"><strong data-start=\"590\" data-end=\"601\">Frenos:<\/strong> <span class=\"relative -mx-px my-[-0.2rem] rounded px-px py-[0.2rem] transition-colors duration-100 ease-in-out\">Shimano XT 4 pistons, discs de 203 mm<\/span><\/p>\n<\/li>\n<li data-start=\"642\" data-end=\"694\">\n<p data-start=\"644\" data-end=\"694\"><strong data-start=\"644\" data-end=\"654\">Rodes:<\/strong> <span class=\"relative -mx-px my-[-0.2rem] rounded px-px py-[0.2rem] transition-colors duration-100 ease-in-out\">Race Face Aeffect 30 TR<\/span><\/p>\n<\/li>\n<li data-start=\"695\" data-end=\"751\">\n<p data-start=\"697\" data-end=\"751\"><strong data-start=\"697\" data-end=\"711\">Neum\u00e0tics:<\/strong> <span class=\"relative -mx-px my-[-0.2rem] rounded px-px py-[0.2rem] transition-colors duration-100 ease-in-out\">Maxxis Minion TPI120 Terra EXO TR 29&#215;2.5\/2.4\u201d<\/span><\/p>\n<\/li>\n<li data-start=\"752\" data-end=\"807\">\n<p data-start=\"754\" data-end=\"807\"><strong data-start=\"754\" data-end=\"767\">Pantalla:<\/strong> <span class=\"relative -mx-px my-[-0.2rem] rounded px-px py-[0.2rem] transition-colors duration-100 ease-in-out\">Shimano EN600L<\/span><\/p>\n<\/li>\n<li data-start=\"808\" data-end=\"864\">\n<p data-start=\"810\" data-end=\"864\"><strong data-start=\"810\" data-end=\"824\">Pes total:<\/strong> <span class=\"relative -mx-px my-[-0.2rem] rounded px-px py-[0.2rem] transition-colors duration-100 ease-in-out\">18,9 kg<\/span><\/p>\n<\/li>\n<li data-start=\"865\" data-end=\"960\">\n<p data-start=\"867\" data-end=\"960\"><strong data-start=\"867\" data-end=\"881\">Geometria:<\/strong> <span class=\"relative -mx-px my-[-0.2rem] rounded px-px py-[0.2rem] transition-colors duration-100 ease-in-out\">\u00c0ngul de direcci\u00f3 de 65\u00b0, reach de 430 mm (talla M)<\/span><\/p>\n<\/li>\n<\/ul>\n<h2 data-start=\"967\" data-end=\"1000\">Caracter\u00edstiques destacades<\/h2>\n<ul data-start=\"1002\" data-end=\"1359\">\n<li data-start=\"1002\" data-end=\"1068\">\n<p data-start=\"1004\" data-end=\"1068\"><strong data-start=\"1004\" data-end=\"1028\">Motor Shimano EP801:<\/strong> <span class=\"relative -mx-px my-[-0.2rem] rounded px-px py-[0.2rem] transition-colors duration-100 ease-in-out\">Pot\u00e8ncia suau i eficient amb un parell de 85 Nm, ideal per a rutes t\u00e8cniques i pujades exigents.<\/span><\/p>\n<\/li>\n<li data-start=\"1069\" data-end=\"1133\">\n<p data-start=\"1071\" data-end=\"1133\"><strong data-start=\"1071\" data-end=\"1093\">Bateria de 810 Wh:<\/strong> <span class=\"relative -mx-px my-[-0.2rem] rounded px-px py-[0.2rem] transition-colors duration-100 ease-in-out\">Combinaci\u00f3 de bateria interna de 630 Wh i bateria externa Xpro de 180 Wh, permetent llargues rutes amb una sola c\u00e0rrega.<\/span><\/p>\n<\/li>\n<li data-start=\"1134\" data-end=\"1197\">\n<p data-start=\"1136\" data-end=\"1197\"><strong data-start=\"1136\" data-end=\"1157\">Geometria Enduro:<\/strong> <span class=\"relative -mx-px my-[-0.2rem] rounded px-px py-[0.2rem] transition-colors duration-100 ease-in-out\">Suspensi\u00f3 de 160 mm i \u00e0ngul de direcci\u00f3 de 65\u00b0 per a un control \u00f2ptim en descensos t\u00e8cnics.<\/span><\/p>\n<\/li>\n<li data-start=\"1198\" data-end=\"1260\">\n<p data-start=\"1200\" data-end=\"1260\"><strong data-start=\"1200\" data-end=\"1220\">Tecnologia HCIM:<\/strong> <span class=\"relative -mx-px my-[-0.2rem] rounded px-px py-[0.2rem] transition-colors duration-100 ease-in-out\">Fabricaci\u00f3 de quadre en carboni amb tecnologia Hollow Core Internal Molding per a una estructura lleugera i resistent.<\/span><\/p>\n<\/li>\n<li data-start=\"1261\" data-end=\"1359\">\n<p data-start=\"1263\" data-end=\"1359\"><strong data-start=\"1263\" data-end=\"1280\">Sistema Xpro:<\/strong> <span class=\"relative -mx-px my-[-0.2rem] rounded px-px py-[0.2rem] transition-colors duration-100 ease-in-out\">Bateria externa que s&#8217;integra al portabidons, permetent augmentar l&#8217;autonomia sense comprometre l&#8217;espai per a bid\u00f3.<\/span><\/p>\n<\/li>\n<\/ul>\n<h2 data-start=\"1366\" data-end=\"1391\">Geometria (talla M)<\/h2>\n<ul data-start=\"1393\" data-end=\"1881\">\n<li data-start=\"1393\" data-end=\"1467\">\n<p data-start=\"1395\" data-end=\"1467\"><strong data-start=\"1395\" data-end=\"1427\">Longitud del tub del seient:<\/strong> <span class=\"relative -mx-px my-[-0.2rem] rounded px-px py-[0.2rem] transition-colors duration-100 ease-in-out\">420 mm<\/span><\/p>\n<\/li>\n<li data-start=\"1468\" data-end=\"1540\">\n<p data-start=\"1470\" data-end=\"1540\"><strong data-start=\"1470\" data-end=\"1500\">Longitud del tub superior:<\/strong> <span class=\"relative -mx-px my-[-0.2rem] rounded px-px py-[0.2rem] transition-colors duration-100 ease-in-out\">609 mm<\/span><\/p>\n<\/li>\n<li data-start=\"1541\" data-end=\"1577\">\n<p data-start=\"1543\" data-end=\"1577\"><strong data-start=\"1543\" data-end=\"1573\">\u00c0ngul del tub de direcci\u00f3:<\/strong> 65\u00b0<\/p>\n<\/li>\n<li data-start=\"1578\" data-end=\"1613\">\n<p data-start=\"1580\" data-end=\"1613\"><strong data-start=\"1580\" data-end=\"1609\">\u00c0ngul del tub del seient:<\/strong> 77\u00b0<\/p>\n<\/li>\n<li data-start=\"1614\" data-end=\"1682\">\n<p data-start=\"1616\" data-end=\"1682\"><strong data-start=\"1616\" data-end=\"1642\">Dist\u00e0ncia entre eixos:<\/strong> <span class=\"relative -mx-px my-[-0.2rem] rounded px-px py-[0.2rem] transition-colors duration-100 ease-in-out\">1219 mm<\/span><\/p>\n<\/li>\n<li data-start=\"1683\" data-end=\"1735\">\n<p data-start=\"1685\" data-end=\"1735\"><strong data-start=\"1685\" data-end=\"1695\">Reach:<\/strong> <span class=\"relative -mx-px my-[-0.2rem] rounded px-px py-[0.2rem] transition-colors duration-100 ease-in-out\">455 mm<\/span><\/p>\n<\/li>\n<li data-start=\"1736\" data-end=\"1788\">\n<p data-start=\"1738\" data-end=\"1788\"><strong data-start=\"1738\" data-end=\"1748\">Stack:<\/strong> <span class=\"relative -mx-px my-[-0.2rem] rounded px-px py-[0.2rem] transition-colors duration-100 ease-in-out\">617 mm<\/span><\/p>\n<\/li>\n<li data-start=\"1789\" data-end=\"1881\">\n<p data-start=\"1791\" data-end=\"1881\"><strong data-start=\"1791\" data-end=\"1802\">Vainas:<\/strong> <span class=\"relative -mx-px my-[-0.2rem] rounded px-px py-[0.2rem] transition-colors duration-100 ease-in-out\">440 mm<\/span><\/p>\n<\/li>\n<\/ul>\n","protected":false},"excerpt":{"rendered":"<p><span class=\"relative -mx-px my-[-0.2rem] rounded px-px py-[0.2rem] transition-colors duration-100 ease-in-out\">La <strong data-start=\"3\" data-end=\"19\">BH iLynx+ SL<\/strong> \u00e9s una e-MTB d&#8217;alta gamma dissenyada per a riders que busquen una bicicleta lleugera, potent i amb una autonomia excepcional.<\/span> <span class=\"relative -mx-px my-[-0.2rem] rounded px-px py-[0.2rem] transition-colors duration-100 ease-in-out\">Equipada amb el motor <strong data-start=\"22\" data-end=\"39\">Shimano EP801<\/strong>, ofereix fins a <strong data-start=\"56\" data-end=\"75\">85 Nm de parell<\/strong> i una <strong data-start=\"82\" data-end=\"110\">pot\u00e8ncia personalitzable<\/strong> mitjan\u00e7ant l&#8217;app <strong data-start=\"128\" data-end=\"146\">Shimano E-TUBE<\/strong>, permetent adaptar els modes d&#8217;assist\u00e8ncia segons les prefer\u00e8ncies i necessitats de cada ciclista<\/span>.<\/p>\n","protected":false},"featured_media":8227,"comment_status":"open","ping_status":"closed","template":"","meta":{"_price":"6999","_stock":null,"_tribe_ticket_header":"","_tribe_default_ticket_provider":"","_tribe_ticket_capacity":"","_ticket_start_date":"","_ticket_end_date":"","_tribe_ticket_show_description":"","_tribe_ticket_show_not_going":false,"_tribe_ticket_use_global_stock":"","_tribe_ticket_global_stock_level":"","_global_stock_mode":"","_global_stock_cap":"","_tribe_rsvp_for_event":"","_tribe_ticket_going_count":"","_tribe_ticket_not_going_count":"","_tribe_tickets_list":"[]","_tribe_ticket_has_attendee_info_fields":false},"product_brand":[107],"product_cat":[112,51,124],"product_tag":[99,97],"class_list":{"0":"post-520","1":"product","2":"type-product","3":"status-publish","4":"has-post-thumbnail","6":"product_brand-bh","7":"product_cat-e-bike","8":"product_cat-mountain-bike","9":"product_cat-oportunitats","10":"product_tag-aba-cicles","11":"product_tag-bh","12":"product_shipping_class-bulky","14":"first","15":"instock","16":"sale","17":"taxable","18":"shipping-taxable","19":"purchasable","20":"product-type-simple"},"_links":{"self":[{"href":"https:\/\/abacicles.com\/es\/wp-json\/wp\/v2\/product\/520","targetHints":{"allow":["GET"]}}],"collection":[{"href":"https:\/\/abacicles.com\/es\/wp-json\/wp\/v2\/product"}],"about":[{"href":"https:\/\/abacicles.com\/es\/wp-json\/wp\/v2\/types\/product"}],"replies":[{"embeddable":true,"href":"https:\/\/abacicles.com\/es\/wp-json\/wp\/v2\/comments?post=520"}],"version-history":[{"count":2,"href":"https:\/\/abacicles.com\/es\/wp-json\/wp\/v2\/product\/520\/revisions"}],"predecessor-version":[{"id":6412,"href":"https:\/\/abacicles.com\/es\/wp-json\/wp\/v2\/product\/520\/revisions\/6412"}],"wp:featuredmedia":[{"embeddable":true,"href":"https:\/\/abacicles.com\/es\/wp-json\/wp\/v2\/media\/8227"}],"wp:attachment":[{"href":"https:\/\/abacicles.com\/es\/wp-json\/wp\/v2\/media?parent=520"}],"wp:term":[{"taxonomy":"product_brand","embeddable":true,"href":"https:\/\/abacicles.com\/es\/wp-json\/wp\/v2\/product_brand?post=520"},{"taxonomy":"product_cat","embeddable":true,"href":"https:\/\/abacicles.com\/es\/wp-json\/wp\/v2\/product_cat?post=520"},{"taxonomy":"product_tag","embeddable":true,"href":"https:\/\/abacicles.com\/es\/wp-json\/wp\/v2\/product_tag?post=520"}],"curies":[{"name":"wp","href":"https:\/\/api.w.org\/{rel}","templated":true}]}}