{"id":785,"date":"2019-09-25T14:29:23","date_gmt":"2019-09-25T14:29:23","guid":{"rendered":"https:\/\/abacicles.com\/?post_type=product&#038;p=785"},"modified":"2025-06-16T14:03:16","modified_gmt":"2025-06-16T12:03:16","slug":"bh-gravel-carbon","status":"publish","type":"product","link":"https:\/\/abacicles.com\/es\/producto\/bh-gravel-carbon\/","title":{"rendered":"BH Gravel X Carbon GRUP GRX 12v."},"content":{"rendered":"<p>La BH Gravel X Carbon GRX 12v \u00e9s una bicicleta de gravel dissenyada per a aquells que busquen rendiment, confort i versatilitat en diversos tipus de terreny.<\/p>\n<h3><strong>Caracter\u00edstiques principals<\/strong><\/h3>\n<ul>\n<li><strong>Quadre de carboni ultralleuger:<\/strong> Constru\u00eft amb tecnologia Hollow Core Internal Molding (HCIM), utilitzant fibres Toray T800 i T500, aconseguint un pes de nom\u00e9s 1.050 g en talla M.<\/li>\n<li><strong>Sistema d&#8217;absorci\u00f3 de vibracions SRS:<\/strong> Dissenyat per filtrar petites vibracions del terreny, millorant el confort en llargues dist\u00e0ncies.<\/li>\n<li><strong>Forquilla Air Bow:<\/strong> Disseny curvat que aporta m\u00e9s comoditat i permet l&#8217;\u00fas de pneum\u00e0tics fins a 45 mm.<\/li>\n<li><strong>Transmissi\u00f3 Shimano GRX 1&#215;12:<\/strong> Configuraci\u00f3 1&#215;12 amb cassette Shimano SLX 10-45, cadena Shimano 105 i bieles Shimano GRX Mono 40T.<\/li>\n<li><strong>Frens de disc hidr\u00e0ulics Shimano GRX:<\/strong> Discs de 160 mm per a un rendiment \u00f2ptim de frenada.<\/li>\n<li><strong>Rodes Vision Team TC30:<\/strong> Amb eixos passants de 12&#215;100 mm al davant i 12&#215;145 mm al darrere, combinades amb pneum\u00e0tics Hutchinson Touareg Tan 700&#215;40.<\/li>\n<li><strong>Components BH Lite Gravel:<\/strong> Manillar, tija de seient i abra\u00e7adera de seient dissenyats per a un rendiment \u00f2ptim en gravel.<\/li>\n<\/ul>\n<p>&nbsp;<\/p>\n<h4>Geometria (talla M)<\/h4>\n<p>Tub del seient: 520 mm<br \/>\nTub superior: 547,8 mm<br \/>\nLongitud de base: 428 mm<br \/>\n\u00c0ngle de direcci\u00f3: 71\u00ba<br \/>\n\u00c0ngle del tub del seient: 73\u00ba<br \/>\nStack: 558,8 mm<br \/>\nAlcance: 377 mm<\/p>\n<h4>Altres caracter\u00edstiques<\/h4>\n<ul>\n<li><strong>Compatibilitat amb sistemes electr\u00f2nics:<\/strong> Inclou suport per a bateries Di2 integrades a la tija de seient i centraleta al manillar.<\/li>\n<li><strong>Compartiment t\u00e8cnic integrat:<\/strong> Ubicat al tub diagonal per a emmagatzemar una bomba o cartutxos de CO\u2082.<\/li>\n<\/ul>\n<p>&nbsp;<\/p>\n","protected":false},"excerpt":{"rendered":"<p>La BH Gravel X Carbon GRX 12v \u00e9s una bicicleta de gravel dissenyada per a aquells que busquen rendiment, confort i versatilitat en diversos tipus de terreny.<\/p>\n","protected":false},"featured_media":8219,"comment_status":"closed","ping_status":"closed","template":"","meta":{"_price":"2640","_stock":null,"_tribe_ticket_header":"","_tribe_default_ticket_provider":"","_tribe_ticket_capacity":"","_ticket_start_date":"","_ticket_end_date":"","_tribe_ticket_show_description":"","_tribe_ticket_show_not_going":false,"_tribe_ticket_use_global_stock":"","_tribe_ticket_global_stock_level":"","_global_stock_mode":"","_global_stock_cap":"","_tribe_rsvp_for_event":"","_tribe_ticket_going_count":"","_tribe_ticket_not_going_count":"","_tribe_tickets_list":"[]","_tribe_ticket_has_attendee_info_fields":false},"product_brand":[107],"product_cat":[48,124],"product_tag":[99,97,98],"class_list":{"0":"post-785","1":"product","2":"type-product","3":"status-publish","4":"has-post-thumbnail","6":"product_brand-bh","7":"product_cat-gravel","8":"product_cat-oportunitats","9":"product_tag-aba-cicles","10":"product_tag-bh","11":"product_tag-bicicleta","12":"product_shipping_class-bulky","14":"first","15":"instock","16":"sale","17":"taxable","18":"shipping-taxable","19":"purchasable","20":"product-type-simple"},"_links":{"self":[{"href":"https:\/\/abacicles.com\/es\/wp-json\/wp\/v2\/product\/785","targetHints":{"allow":["GET"]}}],"collection":[{"href":"https:\/\/abacicles.com\/es\/wp-json\/wp\/v2\/product"}],"about":[{"href":"https:\/\/abacicles.com\/es\/wp-json\/wp\/v2\/types\/product"}],"replies":[{"embeddable":true,"href":"https:\/\/abacicles.com\/es\/wp-json\/wp\/v2\/comments?post=785"}],"version-history":[{"count":4,"href":"https:\/\/abacicles.com\/es\/wp-json\/wp\/v2\/product\/785\/revisions"}],"predecessor-version":[{"id":6328,"href":"https:\/\/abacicles.com\/es\/wp-json\/wp\/v2\/product\/785\/revisions\/6328"}],"wp:featuredmedia":[{"embeddable":true,"href":"https:\/\/abacicles.com\/es\/wp-json\/wp\/v2\/media\/8219"}],"wp:attachment":[{"href":"https:\/\/abacicles.com\/es\/wp-json\/wp\/v2\/media?parent=785"}],"wp:term":[{"taxonomy":"product_brand","embeddable":true,"href":"https:\/\/abacicles.com\/es\/wp-json\/wp\/v2\/product_brand?post=785"},{"taxonomy":"product_cat","embeddable":true,"href":"https:\/\/abacicles.com\/es\/wp-json\/wp\/v2\/product_cat?post=785"},{"taxonomy":"product_tag","embeddable":true,"href":"https:\/\/abacicles.com\/es\/wp-json\/wp\/v2\/product_tag?post=785"}],"curies":[{"name":"wp","href":"https:\/\/api.w.org\/{rel}","templated":true}]}}